{"id":1328,"date":"2024-10-28T06:18:09","date_gmt":"2024-10-28T06:18:09","guid":{"rendered":"https:\/\/www.latiendanueva.com\/inicio\/"},"modified":"2025-06-25T15:51:24","modified_gmt":"2025-06-25T15:51:24","slug":"inicio","status":"publish","type":"page","link":"https:\/\/www.latiendanueva.com\/es\/","title":{"rendered":"Inicio"},"content":{"rendered":"","protected":false},"excerpt":{"rendered":"","protected":false},"author":1,"featured_media":1153,"parent":0,"menu_order":0,"comment_status":"closed","ping_status":"closed","template":"","meta":{"footnotes":""},"class_list":["post-1328","page","type-page","status-publish","has-post-thumbnail","hentry"],"yoast_head":"<!-- This site is optimized with the Yoast SEO plugin v26.8 - https:\/\/yoast.com\/product\/yoast-seo-wordpress\/ -->\n<title>Inicio | La Tienda Nueva<\/title>\n<meta name=\"description\" content=\"Nuestro B&amp;B est\u00e1 situado en pleno casco antiguo del encantador pueblo blanco de C\u00f3mpeta, en el coraz\u00f3n de la Axarqu\u00eda y al pie del Parque Nacional de Almijara. Estamos a pocos segundos de la plaza principal del pueblo. Si lo que busca es una excelente ubicaci\u00f3n, La Tienda Nueva ofrece el lugar perfecto para explorar. Con impresionantes rutas directamente desde la puerta, para el principiante hasta el experto, puede estar en la cima de una monta\u00f1a a m\u00e1s de mil metros sobre el nivel del mar por la ma\u00f1ana y sentarse en la hermosa arena de una de nuestras muchas playas con bandera azul por la tarde.Con una historia apasionante, un patrimonio cultural \u00fanico y paisajes de ensue\u00f1o, desde los pueblos de pescadores de la Costa del Sol Oriental hasta los pueblos encalados de las monta\u00f1as, esta tierra es un interesante compendio de tradici\u00f3n, leyendas, arte y naturaleza.C\u00f3mpeta y la costa de La Axarqu\u00eda tienen algo para todos.\" \/>\n<meta name=\"robots\" content=\"index, follow, max-snippet:-1, max-image-preview:large, max-video-preview:-1\" \/>\n<link rel=\"canonical\" href=\"https:\/\/www.latiendanueva.com\/es\/\" \/>\n<meta property=\"og:locale\" content=\"es_ES\" \/>\n<meta property=\"og:type\" content=\"article\" \/>\n<meta property=\"og:title\" content=\"Inicio | La Tienda Nueva\" \/>\n<meta property=\"og:description\" content=\"Nuestro B&amp;B est\u00e1 situado en pleno casco antiguo del encantador pueblo blanco de C\u00f3mpeta, en el coraz\u00f3n de la Axarqu\u00eda y al pie del Parque Nacional de Almijara. Estamos a pocos segundos de la plaza principal del pueblo. Si lo que busca es una excelente ubicaci\u00f3n, La Tienda Nueva ofrece el lugar perfecto para explorar. Con impresionantes rutas directamente desde la puerta, para el principiante hasta el experto, puede estar en la cima de una monta\u00f1a a m\u00e1s de mil metros sobre el nivel del mar por la ma\u00f1ana y sentarse en la hermosa arena de una de nuestras muchas playas con bandera azul por la tarde.Con una historia apasionante, un patrimonio cultural \u00fanico y paisajes de ensue\u00f1o, desde los pueblos de pescadores de la Costa del Sol Oriental hasta los pueblos encalados de las monta\u00f1as, esta tierra es un interesante compendio de tradici\u00f3n, leyendas, arte y naturaleza.C\u00f3mpeta y la costa de La Axarqu\u00eda tienen algo para todos.\" \/>\n<meta property=\"og:url\" content=\"https:\/\/www.latiendanueva.com\/es\/\" \/>\n<meta property=\"og:site_name\" content=\"La Tienda Nueva\" \/>\n<meta property=\"article:publisher\" content=\"https:\/\/www.facebook.com\/share\/9u4U1Xm295QhVpBP\/?mibextid=LQQJ4d\" \/>\n<meta property=\"article:modified_time\" content=\"2025-06-25T15:51:24+00:00\" \/>\n<meta property=\"og:image\" content=\"https:\/\/www.latiendanueva.com\/wp-content\/uploads\/competa-2.jpg\" \/>\n\t<meta property=\"og:image:width\" content=\"1920\" \/>\n\t<meta property=\"og:image:height\" content=\"1280\" \/>\n\t<meta property=\"og:image:type\" content=\"image\/jpeg\" \/>\n<meta name=\"twitter:card\" content=\"summary_large_image\" \/>\n<meta name=\"twitter:label1\" content=\"Tiempo de lectura\" \/>\n\t<meta name=\"twitter:data1\" content=\"1 minuto\" \/>\n<script type=\"application\/ld+json\" class=\"yoast-schema-graph\">{\"@context\":\"https:\/\/schema.org\",\"@graph\":[{\"@type\":\"WebPage\",\"@id\":\"https:\/\/www.latiendanueva.com\/es\/\",\"url\":\"https:\/\/www.latiendanueva.com\/es\/\",\"name\":\"Inicio | La Tienda Nueva\",\"isPartOf\":{\"@id\":\"https:\/\/www.latiendanueva.com\/es\/#website\"},\"primaryImageOfPage\":{\"@id\":\"https:\/\/www.latiendanueva.com\/es\/#primaryimage\"},\"image\":{\"@id\":\"https:\/\/www.latiendanueva.com\/es\/#primaryimage\"},\"thumbnailUrl\":\"https:\/\/www.latiendanueva.com\/wp-content\/uploads\/competa-2.jpg\",\"datePublished\":\"2024-10-28T06:18:09+00:00\",\"dateModified\":\"2025-06-25T15:51:24+00:00\",\"description\":\"Nuestro B&B est\u00e1 situado en pleno casco antiguo del encantador pueblo blanco de C\u00f3mpeta, en el coraz\u00f3n de la Axarqu\u00eda y al pie del Parque Nacional de Almijara. Estamos a pocos segundos de la plaza principal del pueblo. Si lo que busca es una excelente ubicaci\u00f3n, La Tienda Nueva ofrece el lugar perfecto para explorar. Con impresionantes rutas directamente desde la puerta, para el principiante hasta el experto, puede estar en la cima de una monta\u00f1a a m\u00e1s de mil metros sobre el nivel del mar por la ma\u00f1ana y sentarse en la hermosa arena de una de nuestras muchas playas con bandera azul por la tarde.Con una historia apasionante, un patrimonio cultural \u00fanico y paisajes de ensue\u00f1o, desde los pueblos de pescadores de la Costa del Sol Oriental hasta los pueblos encalados de las monta\u00f1as, esta tierra es un interesante compendio de tradici\u00f3n, leyendas, arte y naturaleza.C\u00f3mpeta y la costa de La Axarqu\u00eda tienen algo para todos.\",\"breadcrumb\":{\"@id\":\"https:\/\/www.latiendanueva.com\/es\/#breadcrumb\"},\"inLanguage\":\"es\",\"potentialAction\":[{\"@type\":\"ReadAction\",\"target\":[\"https:\/\/www.latiendanueva.com\/es\/\"]}]},{\"@type\":\"ImageObject\",\"inLanguage\":\"es\",\"@id\":\"https:\/\/www.latiendanueva.com\/es\/#primaryimage\",\"url\":\"https:\/\/www.latiendanueva.com\/wp-content\/uploads\/competa-2.jpg\",\"contentUrl\":\"https:\/\/www.latiendanueva.com\/wp-content\/uploads\/competa-2.jpg\",\"width\":1920,\"height\":1280},{\"@type\":\"BreadcrumbList\",\"@id\":\"https:\/\/www.latiendanueva.com\/es\/#breadcrumb\",\"itemListElement\":[{\"@type\":\"ListItem\",\"position\":1,\"name\":\"Portada\",\"item\":\"https:\/\/www.latiendanueva.com\/es\/\"},{\"@type\":\"ListItem\",\"position\":2,\"name\":\"Inicio\"}]},{\"@type\":\"WebSite\",\"@id\":\"https:\/\/www.latiendanueva.com\/es\/#website\",\"url\":\"https:\/\/www.latiendanueva.com\/es\/\",\"name\":\"La Tienda Nueva\",\"description\":\"La Tienda Nueva Guesthouse\",\"publisher\":{\"@id\":\"https:\/\/www.latiendanueva.com\/es\/#organization\"},\"alternateName\":\"La Tienda Nueva Hostel\",\"potentialAction\":[{\"@type\":\"SearchAction\",\"target\":{\"@type\":\"EntryPoint\",\"urlTemplate\":\"https:\/\/www.latiendanueva.com\/es\/?s={search_term_string}\"},\"query-input\":{\"@type\":\"PropertyValueSpecification\",\"valueRequired\":true,\"valueName\":\"search_term_string\"}}],\"inLanguage\":\"es\"},{\"@type\":\"Organization\",\"@id\":\"https:\/\/www.latiendanueva.com\/es\/#organization\",\"name\":\"La Tienda Nueva Hostel\",\"alternateName\":\"La Tienda Nueva\",\"url\":\"https:\/\/www.latiendanueva.com\/es\/\",\"logo\":{\"@type\":\"ImageObject\",\"inLanguage\":\"es\",\"@id\":\"https:\/\/www.latiendanueva.com\/es\/#\/schema\/logo\/image\/\",\"url\":\"https:\/\/www.latiendanueva.com\/wp-content\/uploads\/Logo-color-1.png\",\"contentUrl\":\"https:\/\/www.latiendanueva.com\/wp-content\/uploads\/Logo-color-1.png\",\"width\":410,\"height\":410,\"caption\":\"La Tienda Nueva Hostel\"},\"image\":{\"@id\":\"https:\/\/www.latiendanueva.com\/es\/#\/schema\/logo\/image\/\"},\"sameAs\":[\"https:\/\/www.facebook.com\/share\/9u4U1Xm295QhVpBP\/?mibextid=LQQJ4d\",\"https:\/\/www.instagram.com\/latiendanueva_hostel\/?igsh=amJpeDN2ZHF6Z2d1\"]}]}<\/script>\n<!-- \/ Yoast SEO plugin. -->","yoast_head_json":{"title":"Inicio | La Tienda Nueva","description":"Nuestro B&B est\u00e1 situado en pleno casco antiguo del encantador pueblo blanco de C\u00f3mpeta, en el coraz\u00f3n de la Axarqu\u00eda y al pie del Parque Nacional de Almijara. Estamos a pocos segundos de la plaza principal del pueblo. Si lo que busca es una excelente ubicaci\u00f3n, La Tienda Nueva ofrece el lugar perfecto para explorar. Con impresionantes rutas directamente desde la puerta, para el principiante hasta el experto, puede estar en la cima de una monta\u00f1a a m\u00e1s de mil metros sobre el nivel del mar por la ma\u00f1ana y sentarse en la hermosa arena de una de nuestras muchas playas con bandera azul por la tarde.Con una historia apasionante, un patrimonio cultural \u00fanico y paisajes de ensue\u00f1o, desde los pueblos de pescadores de la Costa del Sol Oriental hasta los pueblos encalados de las monta\u00f1as, esta tierra es un interesante compendio de tradici\u00f3n, leyendas, arte y naturaleza.C\u00f3mpeta y la costa de La Axarqu\u00eda tienen algo para todos.","robots":{"index":"index","follow":"follow","max-snippet":"max-snippet:-1","max-image-preview":"max-image-preview:large","max-video-preview":"max-video-preview:-1"},"canonical":"https:\/\/www.latiendanueva.com\/es\/","og_locale":"es_ES","og_type":"article","og_title":"Inicio | La Tienda Nueva","og_description":"Nuestro B&B est\u00e1 situado en pleno casco antiguo del encantador pueblo blanco de C\u00f3mpeta, en el coraz\u00f3n de la Axarqu\u00eda y al pie del Parque Nacional de Almijara. Estamos a pocos segundos de la plaza principal del pueblo. Si lo que busca es una excelente ubicaci\u00f3n, La Tienda Nueva ofrece el lugar perfecto para explorar. Con impresionantes rutas directamente desde la puerta, para el principiante hasta el experto, puede estar en la cima de una monta\u00f1a a m\u00e1s de mil metros sobre el nivel del mar por la ma\u00f1ana y sentarse en la hermosa arena de una de nuestras muchas playas con bandera azul por la tarde.Con una historia apasionante, un patrimonio cultural \u00fanico y paisajes de ensue\u00f1o, desde los pueblos de pescadores de la Costa del Sol Oriental hasta los pueblos encalados de las monta\u00f1as, esta tierra es un interesante compendio de tradici\u00f3n, leyendas, arte y naturaleza.C\u00f3mpeta y la costa de La Axarqu\u00eda tienen algo para todos.","og_url":"https:\/\/www.latiendanueva.com\/es\/","og_site_name":"La Tienda Nueva","article_publisher":"https:\/\/www.facebook.com\/share\/9u4U1Xm295QhVpBP\/?mibextid=LQQJ4d","article_modified_time":"2025-06-25T15:51:24+00:00","og_image":[{"width":1920,"height":1280,"url":"https:\/\/www.latiendanueva.com\/wp-content\/uploads\/competa-2.jpg","type":"image\/jpeg"}],"twitter_card":"summary_large_image","twitter_misc":{"Tiempo de lectura":"1 minuto"},"schema":{"@context":"https:\/\/schema.org","@graph":[{"@type":"WebPage","@id":"https:\/\/www.latiendanueva.com\/es\/","url":"https:\/\/www.latiendanueva.com\/es\/","name":"Inicio | La Tienda Nueva","isPartOf":{"@id":"https:\/\/www.latiendanueva.com\/es\/#website"},"primaryImageOfPage":{"@id":"https:\/\/www.latiendanueva.com\/es\/#primaryimage"},"image":{"@id":"https:\/\/www.latiendanueva.com\/es\/#primaryimage"},"thumbnailUrl":"https:\/\/www.latiendanueva.com\/wp-content\/uploads\/competa-2.jpg","datePublished":"2024-10-28T06:18:09+00:00","dateModified":"2025-06-25T15:51:24+00:00","description":"Nuestro B&B est\u00e1 situado en pleno casco antiguo del encantador pueblo blanco de C\u00f3mpeta, en el coraz\u00f3n de la Axarqu\u00eda y al pie del Parque Nacional de Almijara. Estamos a pocos segundos de la plaza principal del pueblo. Si lo que busca es una excelente ubicaci\u00f3n, La Tienda Nueva ofrece el lugar perfecto para explorar. Con impresionantes rutas directamente desde la puerta, para el principiante hasta el experto, puede estar en la cima de una monta\u00f1a a m\u00e1s de mil metros sobre el nivel del mar por la ma\u00f1ana y sentarse en la hermosa arena de una de nuestras muchas playas con bandera azul por la tarde.Con una historia apasionante, un patrimonio cultural \u00fanico y paisajes de ensue\u00f1o, desde los pueblos de pescadores de la Costa del Sol Oriental hasta los pueblos encalados de las monta\u00f1as, esta tierra es un interesante compendio de tradici\u00f3n, leyendas, arte y naturaleza.C\u00f3mpeta y la costa de La Axarqu\u00eda tienen algo para todos.","breadcrumb":{"@id":"https:\/\/www.latiendanueva.com\/es\/#breadcrumb"},"inLanguage":"es","potentialAction":[{"@type":"ReadAction","target":["https:\/\/www.latiendanueva.com\/es\/"]}]},{"@type":"ImageObject","inLanguage":"es","@id":"https:\/\/www.latiendanueva.com\/es\/#primaryimage","url":"https:\/\/www.latiendanueva.com\/wp-content\/uploads\/competa-2.jpg","contentUrl":"https:\/\/www.latiendanueva.com\/wp-content\/uploads\/competa-2.jpg","width":1920,"height":1280},{"@type":"BreadcrumbList","@id":"https:\/\/www.latiendanueva.com\/es\/#breadcrumb","itemListElement":[{"@type":"ListItem","position":1,"name":"Portada","item":"https:\/\/www.latiendanueva.com\/es\/"},{"@type":"ListItem","position":2,"name":"Inicio"}]},{"@type":"WebSite","@id":"https:\/\/www.latiendanueva.com\/es\/#website","url":"https:\/\/www.latiendanueva.com\/es\/","name":"La Tienda Nueva","description":"La Tienda Nueva Guesthouse","publisher":{"@id":"https:\/\/www.latiendanueva.com\/es\/#organization"},"alternateName":"La Tienda Nueva Hostel","potentialAction":[{"@type":"SearchAction","target":{"@type":"EntryPoint","urlTemplate":"https:\/\/www.latiendanueva.com\/es\/?s={search_term_string}"},"query-input":{"@type":"PropertyValueSpecification","valueRequired":true,"valueName":"search_term_string"}}],"inLanguage":"es"},{"@type":"Organization","@id":"https:\/\/www.latiendanueva.com\/es\/#organization","name":"La Tienda Nueva Hostel","alternateName":"La Tienda Nueva","url":"https:\/\/www.latiendanueva.com\/es\/","logo":{"@type":"ImageObject","inLanguage":"es","@id":"https:\/\/www.latiendanueva.com\/es\/#\/schema\/logo\/image\/","url":"https:\/\/www.latiendanueva.com\/wp-content\/uploads\/Logo-color-1.png","contentUrl":"https:\/\/www.latiendanueva.com\/wp-content\/uploads\/Logo-color-1.png","width":410,"height":410,"caption":"La Tienda Nueva Hostel"},"image":{"@id":"https:\/\/www.latiendanueva.com\/es\/#\/schema\/logo\/image\/"},"sameAs":["https:\/\/www.facebook.com\/share\/9u4U1Xm295QhVpBP\/?mibextid=LQQJ4d","https:\/\/www.instagram.com\/latiendanueva_hostel\/?igsh=amJpeDN2ZHF6Z2d1"]}]}},"_links":{"self":[{"href":"https:\/\/www.latiendanueva.com\/es\/wp-json\/wp\/v2\/pages\/1328","targetHints":{"allow":["GET"]}}],"collection":[{"href":"https:\/\/www.latiendanueva.com\/es\/wp-json\/wp\/v2\/pages"}],"about":[{"href":"https:\/\/www.latiendanueva.com\/es\/wp-json\/wp\/v2\/types\/page"}],"author":[{"embeddable":true,"href":"https:\/\/www.latiendanueva.com\/es\/wp-json\/wp\/v2\/users\/1"}],"replies":[{"embeddable":true,"href":"https:\/\/www.latiendanueva.com\/es\/wp-json\/wp\/v2\/comments?post=1328"}],"version-history":[{"count":1,"href":"https:\/\/www.latiendanueva.com\/es\/wp-json\/wp\/v2\/pages\/1328\/revisions"}],"predecessor-version":[{"id":1329,"href":"https:\/\/www.latiendanueva.com\/es\/wp-json\/wp\/v2\/pages\/1328\/revisions\/1329"}],"wp:featuredmedia":[{"embeddable":true,"href":"https:\/\/www.latiendanueva.com\/es\/wp-json\/wp\/v2\/media\/1153"}],"wp:attachment":[{"href":"https:\/\/www.latiendanueva.com\/es\/wp-json\/wp\/v2\/media?parent=1328"}],"curies":[{"name":"wp","href":"https:\/\/api.w.org\/{rel}","templated":true}]}}